{"id":67,"date":"2017-11-03T15:10:24","date_gmt":"2017-11-03T14:10:24","guid":{"rendered":"https:\/\/biohof-apfelbeck.de\/?page_id=67"},"modified":"2025-01-27T21:35:16","modified_gmt":"2025-01-27T20:35:16","slug":"landwirtschaft","status":"publish","type":"page","link":"https:\/\/biohof-apfelbeck.de\/?page_id=67","title":{"rendered":"Landwirtschaft"},"content":{"rendered":"\n<div class=\"wp-block-media-text alignwide is-stacked-on-mobile\" style=\"grid-template-columns:48% auto\"><figure class=\"wp-block-media-text__media\"><img loading=\"lazy\" decoding=\"async\" width=\"1024\" height=\"768\" src=\"https:\/\/biohof-apfelbeck.de\/wp-content\/uploads\/2022\/07\/Kilian_Friederike-1024x768.jpg\" alt=\"\" class=\"wp-image-288 size-full\" srcset=\"https:\/\/biohof-apfelbeck.de\/wp-content\/uploads\/2022\/07\/Kilian_Friederike-1024x768.jpg 1024w, https:\/\/biohof-apfelbeck.de\/wp-content\/uploads\/2022\/07\/Kilian_Friederike-300x225.jpg 300w, https:\/\/biohof-apfelbeck.de\/wp-content\/uploads\/2022\/07\/Kilian_Friederike-768x576.jpg 768w, https:\/\/biohof-apfelbeck.de\/wp-content\/uploads\/2022\/07\/Kilian_Friederike-1536x1152.jpg 1536w, https:\/\/biohof-apfelbeck.de\/wp-content\/uploads\/2022\/07\/Kilian_Friederike-920x690.jpg 920w, https:\/\/biohof-apfelbeck.de\/wp-content\/uploads\/2022\/07\/Kilian_Friederike-230x173.jpg 230w, https:\/\/biohof-apfelbeck.de\/wp-content\/uploads\/2022\/07\/Kilian_Friederike-350x263.jpg 350w, https:\/\/biohof-apfelbeck.de\/wp-content\/uploads\/2022\/07\/Kilian_Friederike-480x360.jpg 480w, https:\/\/biohof-apfelbeck.de\/wp-content\/uploads\/2022\/07\/Kilian_Friederike.jpg 2000w\" sizes=\"auto, (max-width: 1024px) 100vw, 1024px\" \/><\/figure><div class=\"wp-block-media-text__content\">\n<p class=\"has-normal-font-size\">Seit Juli 2019 f\u00fchren wir, Kilian und Friederike Apfelbeck den landwirtschaftlichen Betrieb mit Hofladen. Als Agraringenieur und Meisterin der Hauswirtschaft f\u00fchren wir den Betrieb mit frischen Ideen, Mut und Engagement gemeinsam in die Zukunft.<\/p>\n<\/div><\/div>\n\n\n\n<div style=\"height:5px\" aria-hidden=\"true\" class=\"wp-block-spacer\"><\/div>\n\n\n\n<p class=\"has-text-align-left\">Der Biohof Apfelbeck ist am Rande des G\u00e4ubodens, genauer im Landkreis Deggendorf und noch genauer in Kleinweichs, einem Ortsteil der Gemeinde Otzing nahe Plattling angesiedelt. Erstmals im 15. Jahrhundert erw\u00e4hnt, findet sich der Name Apfelbeck ca. seit 1850 auf dem Hof. <\/p>\n\n\n\n<div class=\"wp-block-media-text alignwide has-media-on-the-right is-stacked-on-mobile\"><div class=\"wp-block-media-text__content\">\n<p class=\"has-text-align-left\">Wie f\u00fcr die Gegend \u00fcblich, wurde der Hof bis Anfang der 1960er Jahre mit Vielviehwirtschaft, bestehend aus Milchk\u00fchen, Schweinen und Pferden zur Feldarbeit, bewirtschaftet. Im Zuge der Modernisierung wurden die Pferde nach und nach durch Maschinen ersetzt. Die Milchk\u00fche wurden verkauft und die Wiesen, die zur Futtergewinnung nicht mehr ben\u00f6tigt wurden, umgebrochen und in Ackerland umgewandelt.<\/p>\n<\/div><figure class=\"wp-block-media-text__media\"><img loading=\"lazy\" decoding=\"async\" width=\"1024\" height=\"768\" src=\"https:\/\/biohof-apfelbeck.de\/wp-content\/uploads\/2022\/07\/IMG_5206-1024x768.jpg\" alt=\"\" class=\"wp-image-390 size-full\" srcset=\"https:\/\/biohof-apfelbeck.de\/wp-content\/uploads\/2022\/07\/IMG_5206-1024x768.jpg 1024w, https:\/\/biohof-apfelbeck.de\/wp-content\/uploads\/2022\/07\/IMG_5206-300x225.jpg 300w, https:\/\/biohof-apfelbeck.de\/wp-content\/uploads\/2022\/07\/IMG_5206-768x576.jpg 768w, https:\/\/biohof-apfelbeck.de\/wp-content\/uploads\/2022\/07\/IMG_5206-1536x1152.jpg 1536w, https:\/\/biohof-apfelbeck.de\/wp-content\/uploads\/2022\/07\/IMG_5206-2048x1536.jpg 2048w, https:\/\/biohof-apfelbeck.de\/wp-content\/uploads\/2022\/07\/IMG_5206-920x690.jpg 920w, https:\/\/biohof-apfelbeck.de\/wp-content\/uploads\/2022\/07\/IMG_5206-230x173.jpg 230w, https:\/\/biohof-apfelbeck.de\/wp-content\/uploads\/2022\/07\/IMG_5206-350x263.jpg 350w, https:\/\/biohof-apfelbeck.de\/wp-content\/uploads\/2022\/07\/IMG_5206-480x360.jpg 480w\" sizes=\"auto, (max-width: 1024px) 100vw, 1024px\" \/><\/figure><\/div>\n\n\n\n<p class=\"has-text-align-left\"><br>Im Jahr 1989 wurde ein neues, gr\u00f6\u00dferes und speziell auf die Lagerbed\u00fcrfnisse der Kartoffel ausgerichtetes Kartoffellager gebaut. Im Jahr 1990 wurde die Viehwirtschaft vollst\u00e4ndig aufgegeben und die Spezialisierung auf den Ackerbau vorangetrieben. Zu Beginn noch konventionell bewirtschaftet, wurde vom damaligen Betriebsleiter Max Apfelbeck vor allem aus Gr\u00fcnden der pers\u00f6nlichen \u00dcberzeugung entschieden im Jahr 2002 dem Anbauverband Bioland beizutreten. <\/p>\n\n\n\n<div class=\"wp-block-media-text alignwide is-stacked-on-mobile\" style=\"grid-template-columns:39% auto\"><figure class=\"wp-block-media-text__media\"><img loading=\"lazy\" decoding=\"async\" width=\"768\" height=\"1024\" src=\"https:\/\/biohof-apfelbeck.de\/wp-content\/uploads\/2022\/07\/IMG_E4400-768x1024.jpg\" alt=\"\" class=\"wp-image-394 size-large\" srcset=\"https:\/\/biohof-apfelbeck.de\/wp-content\/uploads\/2022\/07\/IMG_E4400-768x1024.jpg 768w, https:\/\/biohof-apfelbeck.de\/wp-content\/uploads\/2022\/07\/IMG_E4400-225x300.jpg 225w, https:\/\/biohof-apfelbeck.de\/wp-content\/uploads\/2022\/07\/IMG_E4400-1152x1536.jpg 1152w, https:\/\/biohof-apfelbeck.de\/wp-content\/uploads\/2022\/07\/IMG_E4400-1536x2048.jpg 1536w, https:\/\/biohof-apfelbeck.de\/wp-content\/uploads\/2022\/07\/IMG_E4400-920x1227.jpg 920w, https:\/\/biohof-apfelbeck.de\/wp-content\/uploads\/2022\/07\/IMG_E4400-230x307.jpg 230w, https:\/\/biohof-apfelbeck.de\/wp-content\/uploads\/2022\/07\/IMG_E4400-350x467.jpg 350w, https:\/\/biohof-apfelbeck.de\/wp-content\/uploads\/2022\/07\/IMG_E4400-480x640.jpg 480w, https:\/\/biohof-apfelbeck.de\/wp-content\/uploads\/2022\/07\/IMG_E4400-scaled.jpg 1920w\" sizes=\"auto, (max-width: 768px) 100vw, 768px\" \/><\/figure><div class=\"wp-block-media-text__content\">\n<p class=\"has-text-align-left\">Seit 2009 wird der Hof nach demeter Richtlinien bewirtschaftet. Heute werden auf rund 120 ha Zuckerr\u00fcben, Kartoffeln, Zwiebeln, Dinkel, Roggen, Weizen, Emmer, Einkorn und verschiedene Leguminosen angebaut.<br>Von den vermarkteten Zuckerr\u00fcben k\u00f6nnen ca. 100 kg demeter R\u00fcbenzucker wieder zur\u00fcckgekauft werden. Dieser wird dann im Hofladen zum Verkauf angeboten. Ein Teil der Kartoffeln und Zwiebeln wird ab Hof vermarktet. Der \u00fcbrige Teil \u00fcber Vermarktungsgesellschaften. Ein Vertriebsweg f\u00fcr das Getreide ist neben regionalen B\u00e4ckern und dem Hofladen die Erzeugergemeinschaft demeter Getreide Chiemgau GmbH.<\/p>\n<\/div><\/div>\n\n\n\n<div style=\"height:5px\" aria-hidden=\"true\" class=\"wp-block-spacer\"><\/div>\n\n\n\n<p>Die wohl gr\u00f6\u00dfte Herausforderung ist es, sich mit den sich ver\u00e4ndernden Wetterbedingungen auseinanderzusetzen. Dabei ist es uns ein gro\u00dfes Anliegen einen fruchtbaren und resilienten Boden aufzubauen.<br>Daf\u00fcr setzen wir sowohl auf eine weit gestreute Fruchtfolge als auch den gezielten Anbau von Zwischenfr\u00fcchten und den Einsatz modernster Technik. Wir erreichen Anbaupausen der einzelnen Kulturen von mindestens sechs Jahren. Die Fl\u00e4chen werden durch den Anbau von Kleegras im Zuge dessen auch f\u00fcr ein Jahr \u201a\u201astillgelegt\u2018\u2018.<br>Dadurch kann sich der Boden mit seinen Lebewesen erholen und N\u00e4hrstoffe f\u00fcr die folgenden Kulturen sammeln.<br>Fast alle unsere Kulturen bauen wir dabei im Dammsystem an. Mit dieser Technik wird die Bodenstruktur erhalten und gef\u00f6rdert.<\/p>\n\n\n\n<p>Mit diesen und weiteren Ans\u00e4tzen versuchen wir einen in sich intakten, lebendigen Boden zu erhalten und zu f\u00f6rdern. Denn f\u00fcr uns bedeutet ein gesunder Boden gesunde Lebensmittel und somit gesunde Menschen.<\/p>\n","protected":false},"excerpt":{"rendered":"<p>Seit Juli 2019 f\u00fchren wir, Kilian und Friederike Apfelbeck den landwirtschaftlichen Betrieb mit Hofladen. Als Agraringenieur und Meisterin der Hauswirtschaft f\u00fchren wir [&hellip;]<\/p>\n","protected":false},"author":3,"featured_media":0,"parent":0,"menu_order":0,"comment_status":"closed","ping_status":"closed","template":"page-templates\/page_fullwidth.php","meta":{"footnotes":""},"class_list":["post-67","page","type-page","status-publish","hentry"],"_links":{"self":[{"href":"https:\/\/biohof-apfelbeck.de\/index.php?rest_route=\/wp\/v2\/pages\/67","targetHints":{"allow":["GET"]}}],"collection":[{"href":"https:\/\/biohof-apfelbeck.de\/index.php?rest_route=\/wp\/v2\/pages"}],"about":[{"href":"https:\/\/biohof-apfelbeck.de\/index.php?rest_route=\/wp\/v2\/types\/page"}],"author":[{"embeddable":true,"href":"https:\/\/biohof-apfelbeck.de\/index.php?rest_route=\/wp\/v2\/users\/3"}],"replies":[{"embeddable":true,"href":"https:\/\/biohof-apfelbeck.de\/index.php?rest_route=%2Fwp%2Fv2%2Fcomments&post=67"}],"version-history":[{"count":25,"href":"https:\/\/biohof-apfelbeck.de\/index.php?rest_route=\/wp\/v2\/pages\/67\/revisions"}],"predecessor-version":[{"id":900,"href":"https:\/\/biohof-apfelbeck.de\/index.php?rest_route=\/wp\/v2\/pages\/67\/revisions\/900"}],"wp:attachment":[{"href":"https:\/\/biohof-apfelbeck.de\/index.php?rest_route=%2Fwp%2Fv2%2Fmedia&parent=67"}],"curies":[{"name":"wp","href":"https:\/\/api.w.org\/{rel}","templated":true}]}}