{"id":216,"date":"2022-07-31T17:28:34","date_gmt":"2022-07-31T15:28:34","guid":{"rendered":"https:\/\/biohof-apfelbeck.de\/?page_id=216"},"modified":"2024-12-09T20:53:22","modified_gmt":"2024-12-09T19:53:22","slug":"kleinweichser-hofladen-der-bioladen-in-kleinweichs","status":"publish","type":"page","link":"https:\/\/biohof-apfelbeck.de\/?page_id=216","title":{"rendered":"Kleinweichser Hofladen"},"content":{"rendered":"\n<p class=\"has-text-align-left\">In unserem Hofladen bieten wir seit 2008 neben unseren eigenen Produkten auch ein breites Sortiment an Zukaufprodukten. Unser verl\u00e4sslicher Partner ist neben regionalen Erzeugern auch der Naturkostgro\u00dfhandel Chiemgauer Naturkost. Seit 2019 ist der Laden nach EU-Bio Standards zertifiziert und wir bieten ausschlie\u00dflich Bioprodukte an.<\/p>\n\n\n\n<figure class=\"wp-block-gallery alignwide has-nested-images columns-2 wp-block-gallery-1 is-layout-flex wp-block-gallery-is-layout-flex\">\n<figure class=\"wp-block-image size-large\"><img loading=\"lazy\" decoding=\"async\" width=\"1024\" height=\"683\" data-id=\"287\" src=\"https:\/\/biohof-apfelbeck.de\/wp-content\/uploads\/2022\/07\/03-2022-0183-1024x683.jpg\" alt=\"\" class=\"wp-image-287\" srcset=\"https:\/\/biohof-apfelbeck.de\/wp-content\/uploads\/2022\/07\/03-2022-0183-1024x683.jpg 1024w, https:\/\/biohof-apfelbeck.de\/wp-content\/uploads\/2022\/07\/03-2022-0183-300x200.jpg 300w, https:\/\/biohof-apfelbeck.de\/wp-content\/uploads\/2022\/07\/03-2022-0183-768x512.jpg 768w, https:\/\/biohof-apfelbeck.de\/wp-content\/uploads\/2022\/07\/03-2022-0183-1536x1024.jpg 1536w, https:\/\/biohof-apfelbeck.de\/wp-content\/uploads\/2022\/07\/03-2022-0183-2048x1365.jpg 2048w, https:\/\/biohof-apfelbeck.de\/wp-content\/uploads\/2022\/07\/03-2022-0183-920x613.jpg 920w, https:\/\/biohof-apfelbeck.de\/wp-content\/uploads\/2022\/07\/03-2022-0183-230x153.jpg 230w, https:\/\/biohof-apfelbeck.de\/wp-content\/uploads\/2022\/07\/03-2022-0183-350x233.jpg 350w, https:\/\/biohof-apfelbeck.de\/wp-content\/uploads\/2022\/07\/03-2022-0183-480x320.jpg 480w\" sizes=\"auto, (max-width: 1024px) 100vw, 1024px\" \/><\/figure>\n\n\n\n<figure class=\"wp-block-image size-large\"><img loading=\"lazy\" decoding=\"async\" width=\"1024\" height=\"683\" data-id=\"286\" src=\"https:\/\/biohof-apfelbeck.de\/wp-content\/uploads\/2022\/07\/03-2022-0182-1024x683.jpg\" alt=\"\" class=\"wp-image-286\" srcset=\"https:\/\/biohof-apfelbeck.de\/wp-content\/uploads\/2022\/07\/03-2022-0182-1024x683.jpg 1024w, https:\/\/biohof-apfelbeck.de\/wp-content\/uploads\/2022\/07\/03-2022-0182-300x200.jpg 300w, https:\/\/biohof-apfelbeck.de\/wp-content\/uploads\/2022\/07\/03-2022-0182-768x512.jpg 768w, https:\/\/biohof-apfelbeck.de\/wp-content\/uploads\/2022\/07\/03-2022-0182-1536x1024.jpg 1536w, https:\/\/biohof-apfelbeck.de\/wp-content\/uploads\/2022\/07\/03-2022-0182-2048x1365.jpg 2048w, https:\/\/biohof-apfelbeck.de\/wp-content\/uploads\/2022\/07\/03-2022-0182-920x613.jpg 920w, https:\/\/biohof-apfelbeck.de\/wp-content\/uploads\/2022\/07\/03-2022-0182-230x153.jpg 230w, https:\/\/biohof-apfelbeck.de\/wp-content\/uploads\/2022\/07\/03-2022-0182-350x233.jpg 350w, https:\/\/biohof-apfelbeck.de\/wp-content\/uploads\/2022\/07\/03-2022-0182-480x320.jpg 480w\" sizes=\"auto, (max-width: 1024px) 100vw, 1024px\" \/><\/figure>\n<\/figure>\n\n\n\n<div style=\"height:15px\" aria-hidden=\"true\" class=\"wp-block-spacer\"><\/div>\n\n\n\n<div class=\"wp-block-media-text alignwide is-stacked-on-mobile\" style=\"grid-template-columns:39% auto\"><figure class=\"wp-block-media-text__media\"><img loading=\"lazy\" decoding=\"async\" width=\"1024\" height=\"768\" src=\"https:\/\/biohof-apfelbeck.de\/wp-content\/uploads\/2023\/05\/IMG_6456-1024x768.jpg\" alt=\"\" class=\"wp-image-749 size-large\" srcset=\"https:\/\/biohof-apfelbeck.de\/wp-content\/uploads\/2023\/05\/IMG_6456-1024x768.jpg 1024w, https:\/\/biohof-apfelbeck.de\/wp-content\/uploads\/2023\/05\/IMG_6456-300x225.jpg 300w, https:\/\/biohof-apfelbeck.de\/wp-content\/uploads\/2023\/05\/IMG_6456-768x576.jpg 768w, https:\/\/biohof-apfelbeck.de\/wp-content\/uploads\/2023\/05\/IMG_6456-1536x1152.jpg 1536w, https:\/\/biohof-apfelbeck.de\/wp-content\/uploads\/2023\/05\/IMG_6456-2048x1536.jpg 2048w, https:\/\/biohof-apfelbeck.de\/wp-content\/uploads\/2023\/05\/IMG_6456-1000x750.jpg 1000w, https:\/\/biohof-apfelbeck.de\/wp-content\/uploads\/2023\/05\/IMG_6456-230x172.jpg 230w, https:\/\/biohof-apfelbeck.de\/wp-content\/uploads\/2023\/05\/IMG_6456-350x262.jpg 350w, https:\/\/biohof-apfelbeck.de\/wp-content\/uploads\/2023\/05\/IMG_6456-480x360.jpg 480w\" sizes=\"auto, (max-width: 1024px) 100vw, 1024px\" \/><\/figure><div class=\"wp-block-media-text__content\">\n<p class=\"has-text-align-left has-large-font-size\">Verpackungsarmes Einkaufen<\/p>\n\n\n\n<p class=\"has-text-align-left\">Neben Mehl und Getreide erhalten Sie auch einige weitere Produkte verpackungsarm. Das bedeutet, Sie k\u00f6nnen gerne Ihre eigenen Gef\u00e4\u00dfe und Beutel mitbringen oder von uns Gl\u00e4ser und Beutel bekommen. Unser Sortiment reicht hierbei aktuell von einigen Gew\u00fcrzen \u00fcber N\u00fcssen, Backzutaten, M\u00fcsli, Schokolade bis hin zu Tee und Trockenobst.<\/p>\n\n\n\n<p class=\"has-text-align-left\">Au\u00dferdem k\u00f6nnen Sie bei uns eine Auswahl an Reinigungsmitteln selbst abf\u00fcllen. Aktuell bieten wir Sp\u00fclmittel, Klarsp\u00fcler, Handseife, Waschmittel, Kalkl\u00f6ser und einiges mehr der Firma Sonett an.<\/p>\n<\/div><\/div>\n\n\n\n<div class=\"wp-block-media-text alignwide has-media-on-the-right is-stacked-on-mobile\" style=\"grid-template-columns:auto 35%\"><div class=\"wp-block-media-text__content\">\n<p class=\"has-text-align-left has-large-font-size\">Naturkosmetik und Geschenkartikel <\/p>\n\n\n\n<p class=\"has-text-align-left\">Wir bieten au\u00dferdem eine kleine, aber feine Auswahl an Seifen, R\u00e4ucherwerk, Drogerieartikeln und Naturkosmetik. Neben Herstellern wie Primavera, Lavera oder Weleda unter anderem auch die <em>demeter <\/em>zertifizierten Produkte von Martina Gebhardt Naturkosmetik.<\/p>\n<\/div><figure class=\"wp-block-media-text__media\"><img loading=\"lazy\" decoding=\"async\" width=\"1024\" height=\"743\" src=\"https:\/\/biohof-apfelbeck.de\/wp-content\/uploads\/2022\/07\/IMG_4522-scaled-e1662544506626-1024x743.jpg\" alt=\"\" class=\"wp-image-378 size-large\" srcset=\"https:\/\/biohof-apfelbeck.de\/wp-content\/uploads\/2022\/07\/IMG_4522-scaled-e1662544506626-1024x743.jpg 1024w, https:\/\/biohof-apfelbeck.de\/wp-content\/uploads\/2022\/07\/IMG_4522-scaled-e1662544506626-300x218.jpg 300w, https:\/\/biohof-apfelbeck.de\/wp-content\/uploads\/2022\/07\/IMG_4522-scaled-e1662544506626-768x557.jpg 768w, https:\/\/biohof-apfelbeck.de\/wp-content\/uploads\/2022\/07\/IMG_4522-scaled-e1662544506626-920x668.jpg 920w, https:\/\/biohof-apfelbeck.de\/wp-content\/uploads\/2022\/07\/IMG_4522-scaled-e1662544506626-550x400.jpg 550w, https:\/\/biohof-apfelbeck.de\/wp-content\/uploads\/2022\/07\/IMG_4522-scaled-e1662544506626-230x167.jpg 230w, https:\/\/biohof-apfelbeck.de\/wp-content\/uploads\/2022\/07\/IMG_4522-scaled-e1662544506626-350x254.jpg 350w, https:\/\/biohof-apfelbeck.de\/wp-content\/uploads\/2022\/07\/IMG_4522-scaled-e1662544506626-480x348.jpg 480w, https:\/\/biohof-apfelbeck.de\/wp-content\/uploads\/2022\/07\/IMG_4522-scaled-e1662544506626.jpg 1472w\" sizes=\"auto, (max-width: 1024px) 100vw, 1024px\" \/><\/figure><\/div>\n\n\n\n<div class=\"wp-block-media-text alignwide is-stacked-on-mobile\" style=\"grid-template-columns:39% auto\"><figure class=\"wp-block-media-text__media\"><img loading=\"lazy\" decoding=\"async\" width=\"1024\" height=\"492\" src=\"https:\/\/biohof-apfelbeck.de\/wp-content\/uploads\/2022\/07\/IMG_3437-1-scaled-e1662545013199-1024x492.jpg\" alt=\"\" class=\"wp-image-373 size-full\" srcset=\"https:\/\/biohof-apfelbeck.de\/wp-content\/uploads\/2022\/07\/IMG_3437-1-scaled-e1662545013199-1024x492.jpg 1024w, https:\/\/biohof-apfelbeck.de\/wp-content\/uploads\/2022\/07\/IMG_3437-1-scaled-e1662545013199-300x144.jpg 300w, https:\/\/biohof-apfelbeck.de\/wp-content\/uploads\/2022\/07\/IMG_3437-1-scaled-e1662545013199-768x369.jpg 768w, https:\/\/biohof-apfelbeck.de\/wp-content\/uploads\/2022\/07\/IMG_3437-1-scaled-e1662545013199-920x442.jpg 920w, https:\/\/biohof-apfelbeck.de\/wp-content\/uploads\/2022\/07\/IMG_3437-1-scaled-e1662545013199-230x111.jpg 230w, https:\/\/biohof-apfelbeck.de\/wp-content\/uploads\/2022\/07\/IMG_3437-1-scaled-e1662545013199-350x168.jpg 350w, https:\/\/biohof-apfelbeck.de\/wp-content\/uploads\/2022\/07\/IMG_3437-1-scaled-e1662545013199-480x231.jpg 480w, https:\/\/biohof-apfelbeck.de\/wp-content\/uploads\/2022\/07\/IMG_3437-1-scaled-e1662545013199.jpg 1057w\" sizes=\"auto, (max-width: 1024px) 100vw, 1024px\" \/><\/figure><div class=\"wp-block-media-text__content\">\n<p class=\"has-text-align-left has-large-font-size\">Obst und Gem\u00fcse<\/p>\n\n\n\n<p class=\"has-text-align-left\">Neben exotischen Fr\u00fcchten erhalten Sie selbstverst\u00e4ndlich auch regional erzeugtes Gem\u00fcse je nach Saison. Einen Teil des Gem\u00fcses bauen wir auch selbst an.<\/p>\n<\/div><\/div>\n\n\n\n<div style=\"height:5px\" aria-hidden=\"true\" class=\"wp-block-spacer\"><\/div>\n\n\n\n<div class=\"wp-block-media-text alignwide has-media-on-the-right is-stacked-on-mobile\" style=\"grid-template-columns:auto 35%\"><div class=\"wp-block-media-text__content\">\n<p class=\"has-large-font-size\">K\u00e4se, Feinkost, Molkereiprodukte, Fleisch und Wurstwaren<\/p>\n\n\n\n<p class=\"has-text-align-left\">Wir bieten Ihnen eine wechselnde Auswahl an verschiedenen K\u00e4sesorten. <br>Neben Klassikern wie Emmentaler, Bergk\u00e4se oder Brie gibt es auch schmackhafte Spezialit\u00e4ten und Besonderheiten.<\/p>\n\n\n\n<p class=\"has-text-align-left\">Wurst und Fleisch bieten wir aktuell vom <em>biokreis <\/em>Betrieb Chiemgauer Naturfleisch GmbH an.<\/p>\n\n\n\n<p class=\"has-text-align-left\">Alle sechs bis acht Wochen gibt es schlachtfrisches Gefl\u00fcgel vom Biolandhof Kriechenbauer aus Rotzendorf, Lkr. Neustadt an der Waldnaab.<\/p>\n\n\n\n<p class=\"has-text-align-left\">Zur Weihnachtszeit erhalten Sie bei uns auch schlachtfrische Enten und G\u00e4nse vom Biolandhof Kriechenbauer aus Rotzendorf, Lkr. Neustadt an der Waldnaab.<\/p>\n\n\n\n<p class=\"has-text-align-left\">Sie erhalten bei uns ebenfalls Milchprodukte wie Jogurt, Frischk\u00e4se oder Milch selbstverst\u00e4ndlich soweit wie m\u00f6glich in der Pfandflasche.<\/p>\n<\/div><figure class=\"wp-block-media-text__media\"><img loading=\"lazy\" decoding=\"async\" width=\"1024\" height=\"768\" src=\"https:\/\/biohof-apfelbeck.de\/wp-content\/uploads\/2022\/07\/IMG_4528-1024x768.jpg\" alt=\"\" class=\"wp-image-384 size-full\" srcset=\"https:\/\/biohof-apfelbeck.de\/wp-content\/uploads\/2022\/07\/IMG_4528-1024x768.jpg 1024w, https:\/\/biohof-apfelbeck.de\/wp-content\/uploads\/2022\/07\/IMG_4528-300x225.jpg 300w, https:\/\/biohof-apfelbeck.de\/wp-content\/uploads\/2022\/07\/IMG_4528-768x576.jpg 768w, https:\/\/biohof-apfelbeck.de\/wp-content\/uploads\/2022\/07\/IMG_4528-1536x1152.jpg 1536w, https:\/\/biohof-apfelbeck.de\/wp-content\/uploads\/2022\/07\/IMG_4528-2048x1536.jpg 2048w, https:\/\/biohof-apfelbeck.de\/wp-content\/uploads\/2022\/07\/IMG_4528-920x690.jpg 920w, https:\/\/biohof-apfelbeck.de\/wp-content\/uploads\/2022\/07\/IMG_4528-230x173.jpg 230w, https:\/\/biohof-apfelbeck.de\/wp-content\/uploads\/2022\/07\/IMG_4528-350x263.jpg 350w, https:\/\/biohof-apfelbeck.de\/wp-content\/uploads\/2022\/07\/IMG_4528-480x360.jpg 480w\" sizes=\"auto, (max-width: 1024px) 100vw, 1024px\" \/><\/figure><\/div>\n\n\n\n<div class=\"wp-block-media-text alignwide is-stacked-on-mobile\" style=\"grid-template-columns:39% auto\"><figure class=\"wp-block-media-text__media\"><img loading=\"lazy\" decoding=\"async\" width=\"1024\" height=\"420\" src=\"https:\/\/biohof-apfelbeck.de\/wp-content\/uploads\/2022\/09\/09-2022-0137-e1662546033328-1024x420.png\" alt=\"\" class=\"wp-image-654 size-full\" srcset=\"https:\/\/biohof-apfelbeck.de\/wp-content\/uploads\/2022\/09\/09-2022-0137-e1662546033328-1024x420.png 1024w, https:\/\/biohof-apfelbeck.de\/wp-content\/uploads\/2022\/09\/09-2022-0137-e1662546033328-300x123.png 300w, https:\/\/biohof-apfelbeck.de\/wp-content\/uploads\/2022\/09\/09-2022-0137-e1662546033328-768x315.png 768w, https:\/\/biohof-apfelbeck.de\/wp-content\/uploads\/2022\/09\/09-2022-0137-e1662546033328-1536x629.png 1536w, https:\/\/biohof-apfelbeck.de\/wp-content\/uploads\/2022\/09\/09-2022-0137-e1662546033328-2048x839.png 2048w, https:\/\/biohof-apfelbeck.de\/wp-content\/uploads\/2022\/09\/09-2022-0137-e1662546033328-920x377.png 920w, https:\/\/biohof-apfelbeck.de\/wp-content\/uploads\/2022\/09\/09-2022-0137-e1662546033328-230x94.png 230w, https:\/\/biohof-apfelbeck.de\/wp-content\/uploads\/2022\/09\/09-2022-0137-e1662546033328-350x143.png 350w, https:\/\/biohof-apfelbeck.de\/wp-content\/uploads\/2022\/09\/09-2022-0137-e1662546033328-480x197.png 480w\" sizes=\"auto, (max-width: 1024px) 100vw, 1024px\" \/><\/figure><div class=\"wp-block-media-text__content\">\n<p class=\"has-large-font-size\">Brot und Geb\u00e4ck<\/p>\n\n\n\n<p class=\"has-text-align-left\">Immer freitags gibt es hausgemachtes Brot aus unserem selbst angebauten Getreide. Es ist ein schmackhaftes und gehaltvoll kr\u00e4ftiges Brot mit Natursauerteig und Vollkornmehl. Verwendet wird hierf\u00fcr Lichtkornroggen, Emmer, Einkorn und Oberkulmer Rotkorn. Wir verzichten dabei vollkommen auf den Zusatz von Backtriebmitteln oder anderen Hilfsstoffen.<\/p>\n\n\n\n<p class=\"has-text-align-left\">Auch freitags gibt es frische Semmeln und Geb\u00e4ck der Biob\u00e4ckerei Holzbackstube.bio von B\u00e4ckermeister Arthur Hartl und seinem Team aus Straubing.<\/p>\n<\/div><\/div>\n\n\n\n<figure class=\"wp-block-image aligncenter size-full is-resized\"><img loading=\"lazy\" decoding=\"async\" width=\"400\" height=\"268\" src=\"https:\/\/biohof-apfelbeck.de\/wp-content\/uploads\/2022\/07\/EU-Bio_Logo_400.jpg\" alt=\"\" class=\"wp-image-408\" style=\"width:209px;height:140px\" srcset=\"https:\/\/biohof-apfelbeck.de\/wp-content\/uploads\/2022\/07\/EU-Bio_Logo_400.jpg 400w, https:\/\/biohof-apfelbeck.de\/wp-content\/uploads\/2022\/07\/EU-Bio_Logo_400-300x201.jpg 300w, https:\/\/biohof-apfelbeck.de\/wp-content\/uploads\/2022\/07\/EU-Bio_Logo_400-230x154.jpg 230w, https:\/\/biohof-apfelbeck.de\/wp-content\/uploads\/2022\/07\/EU-Bio_Logo_400-350x235.jpg 350w\" sizes=\"auto, (max-width: 400px) 100vw, 400px\" \/><\/figure>\n\n\n\n<p class=\"has-text-align-center\">Zertifizierung des Hofladens nach Verordnung EG Nr. 834\/2007<br>Kontrollstelle DE-\u00d6KO-006<\/p>\n","protected":false},"excerpt":{"rendered":"<p>In unserem Hofladen bieten wir seit 2008 neben unseren eigenen Produkten auch ein breites Sortiment an Zukaufprodukten. Unser verl\u00e4sslicher Partner ist neben [&hellip;]<\/p>\n","protected":false},"author":4,"featured_media":0,"parent":0,"menu_order":0,"comment_status":"closed","ping_status":"closed","template":"page-templates\/page_fullwidth.php","meta":{"footnotes":""},"class_list":["post-216","page","type-page","status-publish","hentry"],"_links":{"self":[{"href":"https:\/\/biohof-apfelbeck.de\/index.php?rest_route=\/wp\/v2\/pages\/216","targetHints":{"allow":["GET"]}}],"collection":[{"href":"https:\/\/biohof-apfelbeck.de\/index.php?rest_route=\/wp\/v2\/pages"}],"about":[{"href":"https:\/\/biohof-apfelbeck.de\/index.php?rest_route=\/wp\/v2\/types\/page"}],"author":[{"embeddable":true,"href":"https:\/\/biohof-apfelbeck.de\/index.php?rest_route=\/wp\/v2\/users\/4"}],"replies":[{"embeddable":true,"href":"https:\/\/biohof-apfelbeck.de\/index.php?rest_route=%2Fwp%2Fv2%2Fcomments&post=216"}],"version-history":[{"count":34,"href":"https:\/\/biohof-apfelbeck.de\/index.php?rest_route=\/wp\/v2\/pages\/216\/revisions"}],"predecessor-version":[{"id":877,"href":"https:\/\/biohof-apfelbeck.de\/index.php?rest_route=\/wp\/v2\/pages\/216\/revisions\/877"}],"wp:attachment":[{"href":"https:\/\/biohof-apfelbeck.de\/index.php?rest_route=%2Fwp%2Fv2%2Fmedia&parent=216"}],"curies":[{"name":"wp","href":"https:\/\/api.w.org\/{rel}","templated":true}]}}